{"id":23,"date":"2023-07-04T18:01:20","date_gmt":"2023-07-04T18:01:20","guid":{"rendered":"https:\/\/erfiksmakina.com\/index.php\/about\/"},"modified":"2023-07-15T04:28:34","modified_gmt":"2023-07-15T04:28:34","slug":"about","status":"publish","type":"page","link":"http:\/\/erfiksmakina.com\/index.php\/about\/","title":{"rendered":"Hakk\u0131m\u0131zda"},"content":{"rendered":"<p><img loading=\"lazy\" decoding=\"async\" class=\"size-medium wp-image-44 alignleft\" src=\"http:\/\/erfiksmakina.com\/wp-content\/uploads\/2023\/07\/cropped-erfiks-logo-new-300x158.png\" alt=\"\" width=\"300\" height=\"158\" srcset=\"http:\/\/erfiksmakina.com\/wp-content\/uploads\/2023\/07\/cropped-erfiks-logo-new-300x158.png 300w, http:\/\/erfiksmakina.com\/wp-content\/uploads\/2023\/07\/cropped-erfiks-logo-new-1024x538.png 1024w, http:\/\/erfiksmakina.com\/wp-content\/uploads\/2023\/07\/cropped-erfiks-logo-new-768x404.png 768w, http:\/\/erfiksmakina.com\/wp-content\/uploads\/2023\/07\/cropped-erfiks-logo-new.png 1299w\" sizes=\"auto, (max-width: 300px) 100vw, 300px\" \/>10 y\u0131l\u0131 a\u015fk\u0131n deneyimimizle Fikst\u00fcr, Aparat, Kal\u0131p ve m\u00fc\u015fterilere \u00f6zel makine \u00e7\u00f6z\u00fcmleri \u00fcretmekteyiz. \u0130htiyac\u0131n\u0131z olan makine yedek par\u00e7alar\u0131 yan\u0131 s\u0131ra alan\u0131nda uzman tasar\u0131m ekibimiz size \u00f6zel \u00e7\u00f6z\u00fcmler sunmaktad\u0131r.<\/p>\n","protected":false},"excerpt":{"rendered":"<div class=\"slide-text-bg2\"><span>10 y\u0131l\u0131 a\u015fk\u0131n deneyimimizle Fikst\u00fcr, Aparat, Kal\u0131p ve m\u00fc\u015fterilere \u00f6zel makine \u00e7\u00f6z\u00fcmleri \u00fcretmekteyiz. \u0130htiyac\u0131n\u0131z olan makine yedek par\u00e7al<\/span><\/div>\n<div class=\"slide-btn-area-sm\"><a href=\"http:\/\/erfiksmakina.com\/index.php\/about\/\" class=\"slide-btn-sm\">Devam\u0131n\u0131 oku<\/a><\/div>\n","protected":false},"author":1,"featured_media":0,"parent":0,"menu_order":0,"comment_status":"closed","ping_status":"closed","template":"template\/template-about.php","meta":{"footnotes":""},"class_list":["post-23","page","type-page","status-publish","hentry"],"_links":{"self":[{"href":"http:\/\/erfiksmakina.com\/index.php\/wp-json\/wp\/v2\/pages\/23","targetHints":{"allow":["GET"]}}],"collection":[{"href":"http:\/\/erfiksmakina.com\/index.php\/wp-json\/wp\/v2\/pages"}],"about":[{"href":"http:\/\/erfiksmakina.com\/index.php\/wp-json\/wp\/v2\/types\/page"}],"author":[{"embeddable":true,"href":"http:\/\/erfiksmakina.com\/index.php\/wp-json\/wp\/v2\/users\/1"}],"replies":[{"embeddable":true,"href":"http:\/\/erfiksmakina.com\/index.php\/wp-json\/wp\/v2\/comments?post=23"}],"version-history":[{"count":3,"href":"http:\/\/erfiksmakina.com\/index.php\/wp-json\/wp\/v2\/pages\/23\/revisions"}],"predecessor-version":[{"id":48,"href":"http:\/\/erfiksmakina.com\/index.php\/wp-json\/wp\/v2\/pages\/23\/revisions\/48"}],"wp:attachment":[{"href":"http:\/\/erfiksmakina.com\/index.php\/wp-json\/wp\/v2\/media?parent=23"}],"curies":[{"name":"wp","href":"https:\/\/api.w.org\/{rel}","templated":true}]}}